{"id":1029,"date":"2026-04-22T16:58:41","date_gmt":"2026-04-22T14:58:41","guid":{"rendered":"http:\/\/taichi-leung.be\/site\/?page_id=1029"},"modified":"2026-04-22T16:58:42","modified_gmt":"2026-04-22T14:58:42","slug":"lannee-du-cheval-de-feu","status":"publish","type":"page","link":"http:\/\/taichi-leung.be\/site\/index.php\/lannee-du-cheval-de-feu\/","title":{"rendered":"L&rsquo;ann\u00e9e du Cheval de Feu"},"content":{"rendered":"\n<p>Le Cheval de Feu r\u00e8gne cette ann\u00e9e du 17 f\u00e9vrier 2026 jusqu&rsquo;au 5 f\u00e9vrier 2027. Symbole de courage, de sinc\u00e9rit\u00e9 et de responsabilit\u00e9, ce signe nous r\u00e9serve une ann\u00e9e de transformations et de d\u00e9fis. Son \u00e9l\u00e9ment, le feu, nous pousse \u00e0 nous poser la question de ce qui nous anime et \u00e0 nous orienter vers des activit\u00e9s qui ravivent le feu, la joie qui est en nous.<\/p>\n\n\n\n<figure class=\"wp-block-image size-full\"><img loading=\"lazy\" decoding=\"async\" width=\"1536\" height=\"1024\" src=\"http:\/\/taichi-leung.be\/site\/wp-content\/uploads\/2026\/04\/Cheval-sur-paysage-ancien.jpg\" alt=\"\" class=\"wp-image-1032\" srcset=\"http:\/\/taichi-leung.be\/site\/wp-content\/uploads\/2026\/04\/Cheval-sur-paysage-ancien.jpg 1536w, http:\/\/taichi-leung.be\/site\/wp-content\/uploads\/2026\/04\/Cheval-sur-paysage-ancien-300x200.jpg 300w, http:\/\/taichi-leung.be\/site\/wp-content\/uploads\/2026\/04\/Cheval-sur-paysage-ancien-1024x683.jpg 1024w, http:\/\/taichi-leung.be\/site\/wp-content\/uploads\/2026\/04\/Cheval-sur-paysage-ancien-768x512.jpg 768w\" sizes=\"auto, (max-width: 1536px) 100vw, 1536px\" \/><\/figure>\n\n\n\n<p><\/p>\n","protected":false},"excerpt":{"rendered":"<p>Le Cheval de Feu r\u00e8gne cette ann\u00e9e du 17 f\u00e9vrier 2026 jusqu&rsquo;au 5 f\u00e9vrier 2027. Symbole de courage, de sinc\u00e9rit\u00e9 et de responsabilit\u00e9, ce signe nous r\u00e9serve une ann\u00e9e de transformations et de d\u00e9fis. Son \u00e9l\u00e9ment, le feu, nous pousse \u00e0 nous poser la question de ce qui nous anime &hellip; <\/p>\n","protected":false},"author":3,"featured_media":0,"parent":0,"menu_order":0,"comment_status":"closed","ping_status":"closed","template":"","meta":{"footnotes":""},"class_list":["post-1029","page","type-page","status-publish","hentry"],"_links":{"self":[{"href":"http:\/\/taichi-leung.be\/site\/index.php\/wp-json\/wp\/v2\/pages\/1029","targetHints":{"allow":["GET"]}}],"collection":[{"href":"http:\/\/taichi-leung.be\/site\/index.php\/wp-json\/wp\/v2\/pages"}],"about":[{"href":"http:\/\/taichi-leung.be\/site\/index.php\/wp-json\/wp\/v2\/types\/page"}],"author":[{"embeddable":true,"href":"http:\/\/taichi-leung.be\/site\/index.php\/wp-json\/wp\/v2\/users\/3"}],"replies":[{"embeddable":true,"href":"http:\/\/taichi-leung.be\/site\/index.php\/wp-json\/wp\/v2\/comments?post=1029"}],"version-history":[{"count":3,"href":"http:\/\/taichi-leung.be\/site\/index.php\/wp-json\/wp\/v2\/pages\/1029\/revisions"}],"predecessor-version":[{"id":1034,"href":"http:\/\/taichi-leung.be\/site\/index.php\/wp-json\/wp\/v2\/pages\/1029\/revisions\/1034"}],"wp:attachment":[{"href":"http:\/\/taichi-leung.be\/site\/index.php\/wp-json\/wp\/v2\/media?parent=1029"}],"curies":[{"name":"wp","href":"https:\/\/api.w.org\/{rel}","templated":true}]}}