{"id":144,"date":"2020-05-02T11:21:39","date_gmt":"2020-05-02T09:21:39","guid":{"rendered":"http:\/\/taichi-leung.be\/site\/?page_id=144"},"modified":"2020-05-02T12:04:00","modified_gmt":"2020-05-02T10:04:00","slug":"sutra-du-coeur","status":"publish","type":"page","link":"http:\/\/taichi-leung.be\/site\/index.php\/sutra-du-coeur\/","title":{"rendered":"Sutra du Coeur"},"content":{"rendered":"\n<iframe loading=\"lazy\" width=\"560\" height=\"315\" src=\"https:\/\/www.youtube.com\/embed\/W2Szd6vv2S4\" frameborder=\"0\" allow=\"accelerometer; autoplay; encrypted-media; gyroscope; picture-in-picture\" allowfullscreen=\"\"><\/iframe>\n\n\n\n<p>LE TEXTE DU SUTRA<\/p>\n\n\n\n<p>Le Bodhisattva de la Compassion<br>Alors qu\u2019il m\u00e9ditait profond\u00e9ment,<br>Vit la vacuit\u00e9 des cinq skandhas<\/p>\n\n\n\n<p>Et coupa les liens qui le faisaient souffrir.<\/p>\n\n\n\n<p>Ici donc,<\/p>\n\n\n\n<p>La forme n\u2019est rien d\u2019autre que la vacuit\u00e9,<br>La vacuit\u00e9 n\u2019est rien d\u2019autre que la forme.<br>La forme n\u2019est que vacuit\u00e9,<br>La vacuit\u00e9 n\u2019est que forme.<br>Sensation, pens\u00e9e et choix,<br>La conscience elle-m\u00eame,<br>Sont identiques \u00e0 cela.<br>Toutes les choses sont le vide premier<br>Qui n\u2019est pas n\u00e9 ni d\u00e9truit,<br>Ni tach\u00e9 ni pur,<br>Pas plus qu\u2019il ne cro\u00eet ou ne d\u00e9cro\u00eet.<br>Ainsi, dans le vide, il n\u2019y a ni forme,<br>Ni sensation, pens\u00e9e ou choix,<br>Ni non plus de conscience.<br>Ni \u0153il, oreille, nez, langue, corps, esprit;<br>Ni couleur, son, odeur, saveur, toucher,<br>Ni rien que l\u2019esprit puisse saisir,<br>Ni m\u00eame acte de sentir.<br>Ni ignorance, ni fin de celle-ci,<br>Ni rien de ce qui vient de l\u2019ignorance,<br>Ni d\u00e9clin, ni mort,<br>Ni fin de ceux-ci.<br>Il n\u2019y a pas non plus de douleur, ni de cause de douleur,<br>Ni cessation de la douleur, ni noble chemin<\/p>\n\n\n\n<p>Menant hors de la douleur ;<\/p>\n\n\n\n<p>Ni m\u00eame sagesse \u00e0 atteindre !<br>L\u2019atteinte aussi est vacuit\u00e9.<br>Sachez donc que le Bodhisattva<br>Ne s\u2019attachant \u00e0 rien qui soit,<br>Mais demeurant dans la sagesse Praj\u00f1a<br>Est lib\u00e9r\u00e9 d\u2019obstacles illusoires<br>D\u00e9barrass\u00e9 de la peur nourrie par ceux-ci,<br>Et atteint l\u2019\u00e9clatant Nirvana.<br>Tous les Bouddhas du pass\u00e9 et du pr\u00e9sent,<br>Bouddhas du temps futur,<br>Utilisant cette sagesse Praj\u00f1a,<br>Arrivent \u00e0 une vision compl\u00e8te et parfaite.<br>\u00c9coutez donc le grand dharani,<br>Le radieux mantra, sans \u00e9gal,<br>La Praj\u00f1aparamita,<br>Dont les mots apaisent toute souffrance ;<\/p>\n\n\n\n<p>\u00c9coutez et croyez en sa v\u00e9rit\u00e9 !<\/p>\n\n\n\n<p>Gate Gate Paragate Parasamgate Bodhi Svaha (aller, aller, aller au-del\u00e0, au-del\u00e0 du par del\u00e0, vers la rive de l\u2019Eveil)<\/p>\n\n\n\n<p>Gate Gate Paragate Parasamgate Bodhi Svaha (idem)<\/p>\n\n\n\n<p>Gate Gate Paragate Parasamgate Bodhi Svaha. (idem)<\/p>\n","protected":false},"excerpt":{"rendered":"<p>LE TEXTE DU SUTRA Le Bodhisattva de la CompassionAlors qu\u2019il m\u00e9ditait profond\u00e9ment,Vit la vacuit\u00e9 des cinq skandhas Et coupa les liens qui le faisaient souffrir. Ici donc, La forme n\u2019est rien d\u2019autre que la vacuit\u00e9,La vacuit\u00e9 n\u2019est rien d\u2019autre que la forme.La forme n\u2019est que vacuit\u00e9,La vacuit\u00e9 n\u2019est que forme.Sensation, &hellip; <\/p>\n","protected":false},"author":1,"featured_media":43,"parent":0,"menu_order":0,"comment_status":"closed","ping_status":"closed","template":"","meta":{"footnotes":""},"class_list":["post-144","page","type-page","status-publish","has-post-thumbnail","hentry"],"_links":{"self":[{"href":"http:\/\/taichi-leung.be\/site\/index.php\/wp-json\/wp\/v2\/pages\/144","targetHints":{"allow":["GET"]}}],"collection":[{"href":"http:\/\/taichi-leung.be\/site\/index.php\/wp-json\/wp\/v2\/pages"}],"about":[{"href":"http:\/\/taichi-leung.be\/site\/index.php\/wp-json\/wp\/v2\/types\/page"}],"author":[{"embeddable":true,"href":"http:\/\/taichi-leung.be\/site\/index.php\/wp-json\/wp\/v2\/users\/1"}],"replies":[{"embeddable":true,"href":"http:\/\/taichi-leung.be\/site\/index.php\/wp-json\/wp\/v2\/comments?post=144"}],"version-history":[{"count":3,"href":"http:\/\/taichi-leung.be\/site\/index.php\/wp-json\/wp\/v2\/pages\/144\/revisions"}],"predecessor-version":[{"id":157,"href":"http:\/\/taichi-leung.be\/site\/index.php\/wp-json\/wp\/v2\/pages\/144\/revisions\/157"}],"wp:featuredmedia":[{"embeddable":true,"href":"http:\/\/taichi-leung.be\/site\/index.php\/wp-json\/wp\/v2\/media\/43"}],"wp:attachment":[{"href":"http:\/\/taichi-leung.be\/site\/index.php\/wp-json\/wp\/v2\/media?parent=144"}],"curies":[{"name":"wp","href":"https:\/\/api.w.org\/{rel}","templated":true}]}}