{"id":221,"date":"2020-05-30T17:28:31","date_gmt":"2020-05-30T15:28:31","guid":{"rendered":"http:\/\/taichi-leung.be\/site\/?page_id=221"},"modified":"2020-05-31T10:14:18","modified_gmt":"2020-05-31T08:14:18","slug":"videos","status":"publish","type":"page","link":"http:\/\/taichi-leung.be\/site\/index.php\/videos\/","title":{"rendered":"Vid\u00e9os"},"content":{"rendered":"\n<figure class=\"wp-block-embed-youtube wp-block-embed is-type-video is-provider-youtube wp-embed-aspect-16-9 wp-has-aspect-ratio\"><div class=\"wp-block-embed__wrapper\">\n<iframe loading=\"lazy\" title=\"Forme \u00e0 l&#039;\u00e9p\u00e9e Anne Fran\u00e7oise\" width=\"750\" height=\"422\" src=\"https:\/\/www.youtube.com\/embed\/GTpbyTWoWY4?feature=oembed\" frameborder=\"0\" allow=\"accelerometer; autoplay; encrypted-media; gyroscope; picture-in-picture\" allowfullscreen><\/iframe>\n<\/div><figcaption>Anne-fran\u00e7oise &#8211; forme \u00e0 l&rsquo;\u00e9p\u00e9e &#8211; Hannut<\/figcaption><\/figure>\n\n\n\n<figure class=\"wp-block-embed-youtube wp-block-embed is-type-video is-provider-youtube wp-embed-aspect-16-9 wp-has-aspect-ratio\"><div class=\"wp-block-embed__wrapper\">\n<iframe loading=\"lazy\" title=\"20 ans - Forme 13 en groupe\" width=\"750\" height=\"422\" src=\"https:\/\/www.youtube.com\/embed\/Qig9V29SrFM?feature=oembed\" frameborder=\"0\" allow=\"accelerometer; autoplay; encrypted-media; gyroscope; picture-in-picture\" allowfullscreen><\/iframe>\n<\/div><figcaption>Les 20 ans du Cercle &#8211; Forme 13<\/figcaption><\/figure>\n\n\n\n<figure class=\"wp-block-embed-youtube wp-block-embed is-type-video is-provider-youtube wp-embed-aspect-16-9 wp-has-aspect-ratio\"><div class=\"wp-block-embed__wrapper\">\n<iframe loading=\"lazy\" title=\"Forme du Sabre pour les 20 ans\" width=\"750\" height=\"422\" src=\"https:\/\/www.youtube.com\/embed\/6CDr6JSYjFw?feature=oembed\" frameborder=\"0\" allow=\"accelerometer; autoplay; encrypted-media; gyroscope; picture-in-picture\" allowfullscreen><\/iframe>\n<\/div><figcaption>Les 20 ans du Cercle &#8211; le Sabre<\/figcaption><\/figure>\n","protected":false},"excerpt":{"rendered":"","protected":false},"author":1,"featured_media":43,"parent":0,"menu_order":0,"comment_status":"closed","ping_status":"closed","template":"","meta":{"footnotes":""},"class_list":["post-221","page","type-page","status-publish","has-post-thumbnail","hentry"],"_links":{"self":[{"href":"http:\/\/taichi-leung.be\/site\/index.php\/wp-json\/wp\/v2\/pages\/221","targetHints":{"allow":["GET"]}}],"collection":[{"href":"http:\/\/taichi-leung.be\/site\/index.php\/wp-json\/wp\/v2\/pages"}],"about":[{"href":"http:\/\/taichi-leung.be\/site\/index.php\/wp-json\/wp\/v2\/types\/page"}],"author":[{"embeddable":true,"href":"http:\/\/taichi-leung.be\/site\/index.php\/wp-json\/wp\/v2\/users\/1"}],"replies":[{"embeddable":true,"href":"http:\/\/taichi-leung.be\/site\/index.php\/wp-json\/wp\/v2\/comments?post=221"}],"version-history":[{"count":4,"href":"http:\/\/taichi-leung.be\/site\/index.php\/wp-json\/wp\/v2\/pages\/221\/revisions"}],"predecessor-version":[{"id":226,"href":"http:\/\/taichi-leung.be\/site\/index.php\/wp-json\/wp\/v2\/pages\/221\/revisions\/226"}],"wp:featuredmedia":[{"embeddable":true,"href":"http:\/\/taichi-leung.be\/site\/index.php\/wp-json\/wp\/v2\/media\/43"}],"wp:attachment":[{"href":"http:\/\/taichi-leung.be\/site\/index.php\/wp-json\/wp\/v2\/media?parent=221"}],"curies":[{"name":"wp","href":"https:\/\/api.w.org\/{rel}","templated":true}]}}