{"id":334,"date":"2023-01-15T17:38:07","date_gmt":"2023-01-15T16:38:07","guid":{"rendered":"http:\/\/taichi-leung.be\/site\/?page_id=334"},"modified":"2023-01-15T17:39:13","modified_gmt":"2023-01-15T16:39:13","slug":"lannee-du-lapin","status":"publish","type":"page","link":"http:\/\/taichi-leung.be\/site\/index.php\/lannee-du-lapin\/","title":{"rendered":"L&rsquo;ann\u00e9e du Lapin"},"content":{"rendered":"\n<p>Le Li\u00e8vre \u5154 est le troisi\u00e8me (4e) animal du zodiaque chinois. Il est d\u00e9crit comme calme, narcissique et persuasif. On dit du Li\u00e8vre qu&rsquo;il s&rsquo;entend bien avec la Ch\u00e8vre et le Cochon, et tr\u00e8s mal avec le Coq.<\/p>\n\n\n\n<p>Elle commence le 22 janvier 2023 et se terminera le 9 f\u00e9vrier 2024<\/p>\n\n\n\n<figure class=\"wp-block-image size-full is-resized\"><img loading=\"lazy\" decoding=\"async\" src=\"http:\/\/taichi-leung.be\/site\/wp-content\/uploads\/2023\/01\/Lapin2.jpg\" alt=\"\" class=\"wp-image-335\" width=\"265\" height=\"314\" srcset=\"http:\/\/taichi-leung.be\/site\/wp-content\/uploads\/2023\/01\/Lapin2.jpg 530w, http:\/\/taichi-leung.be\/site\/wp-content\/uploads\/2023\/01\/Lapin2-253x300.jpg 253w\" sizes=\"auto, (max-width: 265px) 100vw, 265px\" \/><\/figure>\n","protected":false},"excerpt":{"rendered":"<p>Le Li\u00e8vre \u5154 est le troisi\u00e8me (4e) animal du zodiaque chinois. Il est d\u00e9crit comme calme, narcissique et persuasif. On dit du Li\u00e8vre qu&rsquo;il s&rsquo;entend bien avec la Ch\u00e8vre et le Cochon, et tr\u00e8s mal avec le Coq. Elle commence le 22 janvier 2023 et se terminera le 9 f\u00e9vrier &hellip; <\/p>\n","protected":false},"author":1,"featured_media":0,"parent":0,"menu_order":0,"comment_status":"closed","ping_status":"closed","template":"","meta":{"footnotes":""},"class_list":["post-334","page","type-page","status-publish","hentry"],"_links":{"self":[{"href":"http:\/\/taichi-leung.be\/site\/index.php\/wp-json\/wp\/v2\/pages\/334","targetHints":{"allow":["GET"]}}],"collection":[{"href":"http:\/\/taichi-leung.be\/site\/index.php\/wp-json\/wp\/v2\/pages"}],"about":[{"href":"http:\/\/taichi-leung.be\/site\/index.php\/wp-json\/wp\/v2\/types\/page"}],"author":[{"embeddable":true,"href":"http:\/\/taichi-leung.be\/site\/index.php\/wp-json\/wp\/v2\/users\/1"}],"replies":[{"embeddable":true,"href":"http:\/\/taichi-leung.be\/site\/index.php\/wp-json\/wp\/v2\/comments?post=334"}],"version-history":[{"count":2,"href":"http:\/\/taichi-leung.be\/site\/index.php\/wp-json\/wp\/v2\/pages\/334\/revisions"}],"predecessor-version":[{"id":337,"href":"http:\/\/taichi-leung.be\/site\/index.php\/wp-json\/wp\/v2\/pages\/334\/revisions\/337"}],"wp:attachment":[{"href":"http:\/\/taichi-leung.be\/site\/index.php\/wp-json\/wp\/v2\/media?parent=334"}],"curies":[{"name":"wp","href":"https:\/\/api.w.org\/{rel}","templated":true}]}}