{"id":77,"date":"2020-05-01T14:38:52","date_gmt":"2020-05-01T12:38:52","guid":{"rendered":"http:\/\/taichi-leung.be\/site\/?page_id=77"},"modified":"2022-08-22T10:24:49","modified_gmt":"2022-08-22T08:24:49","slug":"les-tarifs","status":"publish","type":"page","link":"http:\/\/taichi-leung.be\/site\/index.php\/les-tarifs\/","title":{"rendered":"Les Tarifs"},"content":{"rendered":"\n<p><strong>conseils pour les d\u00e9butants<\/strong>&nbsp;: essayez, participez \u00e0 un cours sans obligation avant de prendre une d\u00e9cision<\/p>\n\n\n\n<p><strong>Prix des cours\u00a0: 85\u20ac pour 10 cours (changement de prix 2022)<br><br>Avantage<\/strong>\u00a0: R\u00e9duction de 15\u20ac \u00e0 partir du 2\u00e8me\u00a0membre d&rsquo;une famille<\/p>\n\n\n\n<p><strong>Droit d&rsquo;Inscription<\/strong>&nbsp;: 15\u20ac (seulement la premi\u00e8re ann\u00e9e)<\/p>\n\n\n\n<p><br><strong>Attention&nbsp;<\/strong>: les cours non-utilis\u00e9s ne sont pas reportables \u00e0 l&rsquo;ann\u00e9e suivante.<\/p>\n\n\n\n<p><em><strong>Pour les plus assidus :<\/strong>&nbsp;<\/em><em>Lorsqu&rsquo;on est inscrit \u00e0 un cours, on a la possibilit\u00e9 d&rsquo;assister \u00e0 un autre cours, durant la m\u00eame semaine, moyennant une participation de 2\u20ac<\/em><\/p>\n","protected":false},"excerpt":{"rendered":"<p>conseils pour les d\u00e9butants&nbsp;: essayez, participez \u00e0 un cours sans obligation avant de prendre une d\u00e9cision Prix des cours\u00a0: 85\u20ac pour 10 cours (changement de prix 2022) Avantage\u00a0: R\u00e9duction de 15\u20ac \u00e0 partir du 2\u00e8me\u00a0membre d&rsquo;une famille Droit d&rsquo;Inscription&nbsp;: 15\u20ac (seulement la premi\u00e8re ann\u00e9e) Attention&nbsp;: les cours non-utilis\u00e9s ne sont &hellip; <\/p>\n","protected":false},"author":1,"featured_media":43,"parent":0,"menu_order":0,"comment_status":"closed","ping_status":"closed","template":"","meta":{"footnotes":""},"class_list":["post-77","page","type-page","status-publish","has-post-thumbnail","hentry"],"_links":{"self":[{"href":"http:\/\/taichi-leung.be\/site\/index.php\/wp-json\/wp\/v2\/pages\/77","targetHints":{"allow":["GET"]}}],"collection":[{"href":"http:\/\/taichi-leung.be\/site\/index.php\/wp-json\/wp\/v2\/pages"}],"about":[{"href":"http:\/\/taichi-leung.be\/site\/index.php\/wp-json\/wp\/v2\/types\/page"}],"author":[{"embeddable":true,"href":"http:\/\/taichi-leung.be\/site\/index.php\/wp-json\/wp\/v2\/users\/1"}],"replies":[{"embeddable":true,"href":"http:\/\/taichi-leung.be\/site\/index.php\/wp-json\/wp\/v2\/comments?post=77"}],"version-history":[{"count":4,"href":"http:\/\/taichi-leung.be\/site\/index.php\/wp-json\/wp\/v2\/pages\/77\/revisions"}],"predecessor-version":[{"id":328,"href":"http:\/\/taichi-leung.be\/site\/index.php\/wp-json\/wp\/v2\/pages\/77\/revisions\/328"}],"wp:featuredmedia":[{"embeddable":true,"href":"http:\/\/taichi-leung.be\/site\/index.php\/wp-json\/wp\/v2\/media\/43"}],"wp:attachment":[{"href":"http:\/\/taichi-leung.be\/site\/index.php\/wp-json\/wp\/v2\/media?parent=77"}],"curies":[{"name":"wp","href":"https:\/\/api.w.org\/{rel}","templated":true}]}}